{"id":3943,"date":"2025-07-12T20:41:37","date_gmt":"2025-07-12T23:41:37","guid":{"rendered":"https:\/\/www.maisqueadoradores.com\/page\/?page_id=3943"},"modified":"2025-07-12T21:15:54","modified_gmt":"2025-07-13T00:15:54","slug":"playlists-de-adoracao-e-louvor","status":"publish","type":"page","link":"https:\/\/www.maisqueadoradores.com\/page\/playlists-de-adoracao-e-louvor\/","title":{"rendered":"PlayLists de Adora\u00e7\u00e3o e Louvor"},"content":{"rendered":"\n<p>Algumas de nossas <a href=\"https:\/\/www.maisqueadoradores.com\/page\/encyclopedia\/playlist\/\" target=\"_self\" title=\"No contexto de uma banda, uma playlist pode referir-se a uma lista de m&uacute;sicas que a banda ir&aacute; tocar durante um show ou apresenta&ccedil;&atilde;o ao vivo. A playlist &eacute; geralmente planejada com cuidado para incluir uma mistura de m&uacute;sicas conhecidas e bem-sucedidas, bem como novas m&uacute;sicas ou m&uacute;sicas menos conhecidas da banda. A playlist &eacute;&hellip;\" class=\"encyclopedia\">playlist<\/a>s de adora&ccedil;&atilde;o e louvor que voc&ecirc; pode ouvir no Youtube ou Spotify.<\/p>\n\n\n\n<p><\/p>\n\n\n\n<h2 class=\"wp-block-heading\"><strong>Playlists de adora&ccedil;&atilde;o e louvor no Spotify<\/strong><\/h2>\n\n\n\n<p>&bull; <a href=\"https:\/\/open.spotify.com\/playlist\/7vrSl2Trgaxgxbmfi75NAe?si=0107a3192a7b49ea\">Top Louvores Worship &ndash; Adora&ccedil;&atilde;o e Louvor 2018 &ndash; Nacionais<\/a><\/p>\n\n\n\n<p>&bull; <a href=\"https:\/\/open.spotify.com\/playlist\/4EGodnCZpvNPGfw2pGCx82?si=daeb2d3a3d404589\">Top Louvores Worship &ndash; Adora&ccedil;&atilde;o e Louvor 2017 &ndash; Nacionais<\/a><\/p>\n\n\n\n<p>&bull; <a href=\"https:\/\/open.spotify.com\/playlist\/0YUQmXbVh1pbiBvO981Oyf?si=f3c811f5f40b4bad\">Top Louvores Worship &ndash; Adora&ccedil;&atilde;o e Louvor 2016 &ndash; Nacionais<\/a><\/p>\n\n\n\n<p><\/p>\n\n\n\n<h2 class=\"wp-block-heading\"><strong>Playlists de adora&ccedil;&atilde;o e louvor no Youtube<\/strong><\/h2>\n\n\n\n<p>&bull; <a href=\"https:\/\/www.youtube.com\/watch?v=8VUfqF6Ka4o&amp;list=PL75hzc_ZpdqfV-6dPT6Pdd5uBhicsIUS8&amp;pp=gAQB\">Louvores Worship &ndash; Adora&ccedil;&atilde;o e Louvor 2018<\/a><\/p>\n\n\n\n<p>&bull; <a href=\"https:\/\/www.youtube.com\/watch?v=aJoHR4m_AbM&amp;list=PL75hzc_ZpdqczhlR9su7p5Jil0liSAr2A&amp;pp=gAQB\">Louvores Worship &ndash; Adora&ccedil;&atilde;o e Louvor 2017<\/a><\/p>\n\n\n\n<p>&bull; <a href=\"https:\/\/www.youtube.com\/watch?v=AdMW09a9p5s&amp;list=PL75hzc_ZpdqdcgZoUjaPw_P6Xv-9glXZY&amp;pp=gAQB\">Louvores Worship &ndash; Adora&ccedil;&atilde;o e Louvor 2016<\/a><\/p>\n\n\n\n<p>&bull; <a href=\"https:\/\/www.youtube.com\/watch?v=PdakX1mFKwU&amp;list=PLL5rbEIIZrmQtUklFkrCvz6x_HstPLyqD\">Mais Que Adoradores &ndash; Ano 2 &ndash; Adora&ccedil;&atilde;o e Louvor<\/a><\/p>\n\n\n\n<p>&bull; <a href=\"https:\/\/www.youtube.com\/watch?v=1Xprfo5-6OU&amp;list=PLL5rbEIIZrmQ_Wn6577KkEM28akgFAUkK\">Mais Que Adoradores &ndash; Ano 1 &ndash; Adora&ccedil;&atilde;o e Louvor<\/a><\/p>\n\n\n\n<p><\/p>\n\n\n\n<p><strong>Bandas que recomendamos<\/strong><\/p>\n\n\n\n<p>&bull; <a href=\"https:\/\/www.youtube.com\/playlist?list=PL75hzc_Zpdqem4huTjbOy3Uez4GQHQ1UZ\">Citipointe Live<\/a><\/p>\n\n\n\n<p>&bull; <a href=\"https:\/\/www.youtube.com\/watch?v=LUXkmhHrDJ8&amp;list=PL75hzc_ZpdqdhssiPyRWKTwbIb3azIGxV&amp;pp=gAQB\">Pier49<\/a><\/p>\n\n\n\n<p>&bull; <a href=\"https:\/\/www.youtube.com\/watch?v=d4Kxupwg5GU&amp;list=PL75hzc_ZpdqddzGkCY9e4VSza-jO0cDIl&amp;pp=gAQB\">Central 3<\/a><\/p>\n\n\n\n<p>&bull; <a href=\"https:\/\/www.youtube.com\/watch?v=HrtCh95mWWo&amp;list=PL75hzc_Zpdqe0NliJ16sU7o78qFhQ-FJa&amp;pp=gAQB\">Morada<\/a><\/p>\n\n\n\n<p>&bull; <a href=\"https:\/\/www.youtube.com\/watch?v=qj6X7tM6xto&amp;list=PL75hzc_ZpdqelLJ3pT4J7f3Of__BCmavi&amp;pp=gAQB\">Adora&ccedil;&atilde;o Central<\/a><\/p>\n\n\n\n<p>&bull; <a href=\"https:\/\/www.youtube.com\/watch?v=_qDKrvstS9c&amp;list=PL75hzc_ZpdqcI4c3FWpT_YcsS9TlllIOy&amp;pp=gAQB\">Minist&eacute;rio Mergulhar<\/a><\/p>\n\n\n\n<p>&bull; <a href=\"https:\/\/www.youtube.com\/watch?v=waVXBEQ9BIQ&amp;list=PL75hzc_ZpdqeL8wWq0KceqF5uQHwnKl_0&amp;pp=gAQB\">Gaza Band<\/a><\/p>\n","protected":false},"excerpt":{"rendered":"<p>Algumas de nossas playlists de adora\u00e7\u00e3o e louvor que voc\u00ea pode ouvir no Youtube ou Spotify. Playlists de adora\u00e7\u00e3o e louvor no Spotify \u2022 Top Louvores Worship &#8211; Adora\u00e7\u00e3o e Louvor 2018 &#8211; Nacionais \u2022 Top Louvores Worship &#8211; Adora\u00e7\u00e3o e Louvor 2017 &#8211; Nacionais \u2022 Top Louvores Worship &#8211; Adora\u00e7\u00e3o e Louvor 2016 &#8211; [&hellip;]<\/p>\n","protected":false},"author":1,"featured_media":0,"parent":0,"menu_order":0,"comment_status":"closed","ping_status":"closed","template":"","meta":{"advgb_blocks_editor_width":"","advgb_blocks_columns_visual_guide":"","jetpack_post_was_ever_published":false,"footnotes":""},"class_list":["post-3943","page","type-page","status-publish"],"coauthors":[],"author_meta":{"author_link":"https:\/\/www.maisqueadoradores.com\/page\/author\/admin\/","display_name":"Mais Que Adoradores"},"relative_dates":{"created":"Publicado 9 meses atr\u00e1s","modified":"Atualizado 9 meses atr\u00e1s"},"absolute_dates":{"created":"Publicado em 12\/07\/2025","modified":"Atualizado em 12\/07\/2025"},"absolute_dates_time":{"created":"Publicado em 12\/07\/2025 20:41","modified":"Atualizado em 12\/07\/2025 21:15"},"featured_img_caption":"","featured_img":false,"series_order":"","jetpack_sharing_enabled":true,"jetpack_shortlink":"https:\/\/wp.me\/P9jsF4-11B","jetpack_likes_enabled":true,"_links":{"self":[{"href":"https:\/\/www.maisqueadoradores.com\/page\/wp-json\/wp\/v2\/pages\/3943","targetHints":{"allow":["GET"]}}],"collection":[{"href":"https:\/\/www.maisqueadoradores.com\/page\/wp-json\/wp\/v2\/pages"}],"about":[{"href":"https:\/\/www.maisqueadoradores.com\/page\/wp-json\/wp\/v2\/types\/page"}],"author":[{"embeddable":true,"href":"https:\/\/www.maisqueadoradores.com\/page\/wp-json\/wp\/v2\/users\/1"}],"replies":[{"embeddable":true,"href":"https:\/\/www.maisqueadoradores.com\/page\/wp-json\/wp\/v2\/comments?post=3943"}],"version-history":[{"count":3,"href":"https:\/\/www.maisqueadoradores.com\/page\/wp-json\/wp\/v2\/pages\/3943\/revisions"}],"predecessor-version":[{"id":3971,"href":"https:\/\/www.maisqueadoradores.com\/page\/wp-json\/wp\/v2\/pages\/3943\/revisions\/3971"}],"wp:attachment":[{"href":"https:\/\/www.maisqueadoradores.com\/page\/wp-json\/wp\/v2\/media?parent=3943"}],"curies":[{"name":"wp","href":"https:\/\/api.w.org\/{rel}","templated":true}]}}