{"id":55,"date":"2017-10-08T04:42:15","date_gmt":"2017-10-08T07:42:15","guid":{"rendered":"\/page\/?page_id=55"},"modified":"2024-07-07T11:31:33","modified_gmt":"2024-07-07T14:31:33","slug":"worship-pads-free","status":"publish","type":"page","link":"https:\/\/www.maisqueadoradores.com\/page\/worship-pads-free\/","title":{"rendered":"Worship Pads Free"},"content":{"rendered":"\n<p>Se voc&ecirc; toca viol&atilde;o, guitarra ou teclado sozinho em sua igreja, c&eacute;lula ou comunidade, e sente a falta de algo mais para ajudar durante a execu&ccedil;&atilde;o das m&uacute;sicas? Voc&ecirc; provavelmente precisa de um PAD em loop cont&iacute;nuo para te auxiliar.<\/p>\n\n\n\n<p class=\"mmqa_en_bloquote\">If you play guitar, guitar or keyboard alone in your church, cell, or community, and do you miss something else to help while playing the songs? You probably need a continuous loop PAD to aid you.<\/p>\n\n\n\n<h3 class=\"wp-block-heading\"><strong>O que &eacute; Worship Pad, Worship Pads Loops, ou ambienta&ccedil;&atilde;o? Fundo\/base para bandas ou Loop Pads continuo.<\/strong><\/h3>\n\n\n\n<p class=\"mmqa_en_bloquote\"><strong>What is <a href=\"https:\/\/www.maisqueadoradores.com\/page\/encyclopedia\/worship\/\" target=\"_self\" title=\"A tradu&ccedil;&atilde;o literal &eacute; adora&ccedil;&atilde;o. Worship &eacute; um termo que se refere a atos de adora&ccedil;&atilde;o e devo&ccedil;&atilde;o a um ser supremo ou divindade. No contexto da religi&atilde;o, worship &eacute; frequentemente usado para se referir a cerim&ocirc;nias ou rituais que celebram e honram um deus ou deidade. No contexto da m&uacute;sica, worship se refere a&hellip;\" class=\"encyclopedia\">Worship<\/a> Pad, <a href=\"https:\/\/www.maisqueadoradores.com\/page\/encyclopedia\/worship\/\" target=\"_self\" title=\"A tradu&ccedil;&atilde;o literal &eacute; adora&ccedil;&atilde;o. Worship &eacute; um termo que se refere a atos de adora&ccedil;&atilde;o e devo&ccedil;&atilde;o a um ser supremo ou divindade. No contexto da religi&atilde;o, worship &eacute; frequentemente usado para se referir a cerim&ocirc;nias ou rituais que celebram e honram um deus ou deidade. No contexto da m&uacute;sica, worship se refere a&hellip;\" class=\"encyclopedia\">Worship<\/a> Pads Loops, or Ambiance?<\/strong><\/p>\n\n\n\n<p>&Eacute; um recurso muito difundido no exterior, usado inclusive por grandes bandas para ajudar durante a execu&ccedil;&atilde;o das m&uacute;sicas em cultos, shows, c&eacute;lulas e comunidades, ou seja, se voc&ecirc; estiver apenas com um viol&atilde;o ou com uma banda inteira, este recurso pode ajudar a trazer uma ambi&ecirc;ncia, eliminando vazios das m&uacute;sicas e ajudando a trazer um clima agrad&aacute;vel.<\/p>\n\n\n\n<p class=\"mmqa_en_bloquote\">It&rsquo;s a very popular feature used by great bands to help perform songs in <a href=\"https:\/\/www.maisqueadoradores.com\/page\/encyclopedia\/worship\/\" target=\"_self\" title=\"A tradu&ccedil;&atilde;o literal &eacute; adora&ccedil;&atilde;o. Worship &eacute; um termo que se refere a atos de adora&ccedil;&atilde;o e devo&ccedil;&atilde;o a um ser supremo ou divindade. No contexto da religi&atilde;o, worship &eacute; frequentemente usado para se referir a cerim&ocirc;nias ou rituais que celebram e honram um deus ou deidade. No contexto da m&uacute;sica, worship se refere a&hellip;\" class=\"encyclopedia\">worship<\/a>, whether you have just one guitar or a whole band, this feature can help bring ambiance, eliminating voids of songs and helping to bring a pleasant mood<\/p>\n\n\n\n<p>Veja alguns exemplo \/ examples:<\/p>\n\n\n\n<figure class=\"wp-block-embed-youtube wp-block-embed is-type-video is-provider-youtube wp-embed-aspect-16-9 wp-has-aspect-ratio\"><div class=\"wp-block-embed__wrapper\">\n<iframe id=\"_ytid_75927\" width=\"696\" height=\"392\" data-origwidth=\"696\" data-origheight=\"392\" src=\"https:\/\/www.youtube.com\/embed\/fJuEnoedJx4?enablejsapi=1&amp;autoplay=0&amp;cc_load_policy=0&amp;cc_lang_pref=&amp;iv_load_policy=1&amp;loop=0&amp;rel=1&amp;fs=1&amp;playsinline=0&amp;autohide=2&amp;theme=dark&amp;color=red&amp;controls=1&amp;disablekb=0&amp;&amp;enablejsapi=1\" class=\"__youtube_prefs__  epyt-is-override  no-lazyload\" title=\"YouTube player\" allow=\"fullscreen; accelerometer; autoplay; clipboard-write; encrypted-media; gyroscope; picture-in-picture; web-share\" referrerpolicy=\"strict-origin-when-cross-origin\" allowfullscreen data-no-lazy=\"1\" data-skipgform_ajax_framebjll=\"\"><\/iframe>\n<\/div><figcaption>Confira esta demonstra&ccedil;&atilde;o com os demais <a href=\"https:\/\/www.maisqueadoradores.com\/page\/encyclopedia\/timbre\/\" target=\"_self\" title=\"Timbre &eacute; o termo utilizado para se referir &agrave; qualidade distintiva de um som, que permite distinguir um som de outro, mesmo quando t&ecirc;m a mesma altura e intensidade. Em outras palavras, o timbre &eacute; o que torna o som de um saxofone diferente do som de uma guitarra, mesmo que ambos estejam tocando a&hellip;\" class=\"encyclopedia\">timbre<\/a>s gratuitos:<br><a href=\"https:\/\/worshippadsfree.com\/pads\/2018\/09\/demo-worship-pads-free-this-is-amazing-grace-phil-wickham\/\" target=\"_blank\" rel=\"noreferrer noopener\">https:\/\/worshippadsfree.com\/pads\/2018\/09\/demo-worship-pads-free-this-is-amazing-grace-phil-wickham\/<\/a><\/figcaption><\/figure>\n\n\n\n<figure class=\"wp-block-embed-youtube wp-block-embed is-type-video is-provider-youtube wp-embed-aspect-16-9 wp-has-aspect-ratio\"><div class=\"wp-block-embed__wrapper\">\n<iframe id=\"_ytid_41601\" width=\"696\" height=\"392\" data-origwidth=\"696\" data-origheight=\"392\" src=\"https:\/\/www.youtube.com\/embed\/PNtChug9V9w?enablejsapi=1&amp;autoplay=0&amp;cc_load_policy=0&amp;cc_lang_pref=&amp;iv_load_policy=1&amp;loop=0&amp;rel=1&amp;fs=1&amp;playsinline=0&amp;autohide=2&amp;theme=dark&amp;color=red&amp;controls=1&amp;disablekb=0&amp;&amp;enablejsapi=1\" class=\"__youtube_prefs__  epyt-is-override  no-lazyload\" title=\"YouTube player\" allow=\"fullscreen; accelerometer; autoplay; clipboard-write; encrypted-media; gyroscope; picture-in-picture; web-share\" referrerpolicy=\"strict-origin-when-cross-origin\" allowfullscreen data-no-lazy=\"1\" data-skipgform_ajax_framebjll=\"\"><\/iframe>\n<\/div><figcaption>Confira esta demonstra&ccedil;&atilde;o com os demais <a href=\"https:\/\/www.maisqueadoradores.com\/page\/encyclopedia\/timbre\/\" target=\"_self\" title=\"Timbre &eacute; o termo utilizado para se referir &agrave; qualidade distintiva de um som, que permite distinguir um som de outro, mesmo quando t&ecirc;m a mesma altura e intensidade. Em outras palavras, o timbre &eacute; o que torna o som de um saxofone diferente do som de uma guitarra, mesmo que ambos estejam tocando a&hellip;\" class=\"encyclopedia\">timbre<\/a>s gratuitos:<br><a href=\"https:\/\/worshippadsfree.com\/pads\/2018\/09\/demo-worship-pads-free-i-surrender-hillsong\/\" target=\"_blank\" rel=\"noreferrer noopener\">https:\/\/worshippadsfree.com\/pads\/2018\/09\/demo-worship-pads-free-i-surrender-hillsong\/<\/a><\/figcaption><\/figure>\n\n\n\n<figure class=\"wp-block-embed-youtube wp-block-embed is-type-video is-provider-youtube wp-embed-aspect-16-9 wp-has-aspect-ratio\"><div class=\"wp-block-embed__wrapper\">\n<iframe id=\"_ytid_14660\" width=\"696\" height=\"392\" data-origwidth=\"696\" data-origheight=\"392\" src=\"https:\/\/www.youtube.com\/embed\/_jrqkTQKRH4?enablejsapi=1&amp;autoplay=0&amp;cc_load_policy=0&amp;cc_lang_pref=&amp;iv_load_policy=1&amp;loop=0&amp;rel=1&amp;fs=1&amp;playsinline=0&amp;autohide=2&amp;theme=dark&amp;color=red&amp;controls=1&amp;disablekb=0&amp;&amp;enablejsapi=1\" class=\"__youtube_prefs__  epyt-is-override  no-lazyload\" title=\"YouTube player\" allow=\"fullscreen; accelerometer; autoplay; clipboard-write; encrypted-media; gyroscope; picture-in-picture; web-share\" referrerpolicy=\"strict-origin-when-cross-origin\" allowfullscreen data-no-lazy=\"1\" data-skipgform_ajax_framebjll=\"\"><\/iframe>\n<\/div><figcaption>Confira esta demonstra&ccedil;&atilde;o com os demais <a href=\"https:\/\/www.maisqueadoradores.com\/page\/encyclopedia\/timbre\/\" target=\"_self\" title=\"Timbre &eacute; o termo utilizado para se referir &agrave; qualidade distintiva de um som, que permite distinguir um som de outro, mesmo quando t&ecirc;m a mesma altura e intensidade. Em outras palavras, o timbre &eacute; o que torna o som de um saxofone diferente do som de uma guitarra, mesmo que ambos estejam tocando a&hellip;\" class=\"encyclopedia\">timbre<\/a>s gratuitos:<br><a href=\"https:\/\/worshippadsfree.com\/pads\/2018\/09\/demo-worship-pads-free-come-right-now-planetshakers\/\">https:\/\/worshippadsfree.com\/pads\/2018\/09\/demo-worship-pads-free-come-right-now-planetshakers\/<\/a><\/figcaption><\/figure>\n\n\n\n<h3 class=\"wp-block-heading\"><strong>Pra que serve?<\/strong><\/h3>\n\n\n\n<p>Ele funciona como um fundo musical, um acompanhamento, que mantem um PAD em loop (cont&iacute;nuo), permitindo que voc&ecirc; toque seu viol&atilde;o, guitarra ou banda, dando um ar mais agrad&aacute;vel, eliminando os vazios da m&uacute;sica.<\/p>\n\n\n\n<h3 class=\"wp-block-heading\"><strong>Como usar?<\/strong><\/h3>\n\n\n\n<p>Ele funciona na maioria das m&uacute;sicas tocadas nas igrejas, mas voc&ecirc; pode encontrar alguns problemas em m&uacute;sicas com muita disson&acirc;ncias ou que alternem a escala durante a execu&ccedil;&atilde;o (exemplo: come&ccedil;a em D&oacute;, no meio sobe para R&eacute; e volta para D&oacute;, ou come&ccedil;a em D&oacute; e termina em R&eacute;).<\/p>\n\n\n\n<p>Se a m&uacute;sica que voc&ecirc; toca usa somente os acordes de uma escala, no exemplo da escala de D&oacute;, s&oacute; tem as notas desta escala (C, Dm, Em, F, G, Am, B\/G ou B&ordm;), ent&atilde;o os Pads poder&atilde;o te ajudar, e ser&atilde;o uma ferramenta valiosa em suas ministra&ccedil;&otilde;es.<\/p>\n\n\n\n<h3 class=\"wp-block-heading\"><strong>Como usar Pads fornecidos pelo Mais Que Adoradores?<br>Qual escolher? PADS MAIORES OU MENORES?<\/strong><\/h3>\n\n\n\n<p>No artigo &ldquo;<a href=\"\/page\/2017\/10\/08\/o-que-e-worship-pad-worship-pads-loops-ou-ambientacao\/\">O que Worship Pad?<\/a>&rdquo; que est&aacute; aqui em nosso site, falamos bem detalhamento a respeito deste recurso:<\/p>\n\n\n\n<p><a href=\"\/page\/2017\/10\/08\/o-que-e-worship-pad-worship-pads-loops-ou-ambientacao\/\">O que &eacute; Worship Pad Lops ou Pads ambiente?<\/a><\/p>\n\n\n\n<h3 class=\"wp-block-heading\"><strong>Saiba mais&hellip;<\/strong><\/h3>\n\n\n\n<p>Veja <a href=\"https:\/\/www.maisqueadoradores.com\/page\/encyclopedia\/outro\/\" target=\"_self\" title='Express&atilde;o usada em VS \/ Multitracks. O termo \"Outro\" &eacute; frequentemente usado pelos regentes de m&uacute;sica para indicar que a m&uacute;sica est&aacute; chegando ao fim. Em geral, o regente usa a palavra \"Outro\" para dar aos m&uacute;sicos uma indica&ccedil;&atilde;o visual de que a m&uacute;sica est&aacute; chegando ao final, e para que eles se preparem para&hellip;' class=\"encyclopedia\">outro<\/a>s artigos relacionados em nosso site:&nbsp;<a href=\"https:\/\/www.maisqueadoradores.com\/page\/?s=pads\">\/page\/?s=pads<\/a><\/p>\n\n\n\n<p>Para acessar nosso reposit&oacute;rio de Pads, clique no link abaixo:&nbsp;<a href=\"https:\/\/www.worshippadsfree.com\/\" target=\"_blank\" rel=\"noreferrer noopener\">https:\/\/www.worshippadsfree.com\/<\/a><br><\/p>\n\n\n\n<p>Deixe abaixo seus coment&aacute;rios, suas experi&ecirc;ncias com nossos Pads.<\/p>\n\n\n\n<p>Se inscreva em nossos canais, que em breve estaremos publicando novos recursos.<\/p>\n","protected":false},"excerpt":{"rendered":"<p>Se voc\u00ea toca viol\u00e3o, guitarra ou teclado sozinho em sua igreja, c\u00e9lula ou comunidade, e sente a falta de algo mais para ajudar durante a execu\u00e7\u00e3o das m\u00fasicas? Voc\u00ea provavelmente precisa de um PAD em loop cont\u00ednuo para te auxiliar. If you play guitar, guitar or keyboard alone in your church, cell, or community, and [&hellip;]<\/p>\n","protected":false},"author":2,"featured_media":0,"parent":0,"menu_order":5,"comment_status":"closed","ping_status":"closed","template":"","meta":{"advgb_blocks_editor_width":"","advgb_blocks_columns_visual_guide":"","jetpack_post_was_ever_published":false,"footnotes":""},"class_list":["post-55","page","type-page","status-publish"],"coauthors":[],"author_meta":{"author_link":"https:\/\/www.maisqueadoradores.com\/page\/author\/melkih\/","display_name":"Melkih Washington de Oliveira"},"relative_dates":{"created":"Publicado 9 anos atr\u00e1s","modified":"Atualizado 2 anos atr\u00e1s"},"absolute_dates":{"created":"Publicado em 08\/10\/2017","modified":"Atualizado em 07\/07\/2024"},"absolute_dates_time":{"created":"Publicado em 08\/10\/2017 04:42","modified":"Atualizado em 07\/07\/2024 11:31"},"featured_img_caption":"","featured_img":false,"series_order":"","jetpack_sharing_enabled":true,"jetpack_shortlink":"https:\/\/wp.me\/P9jsF4-T","jetpack_likes_enabled":true,"_links":{"self":[{"href":"https:\/\/www.maisqueadoradores.com\/page\/wp-json\/wp\/v2\/pages\/55","targetHints":{"allow":["GET"]}}],"collection":[{"href":"https:\/\/www.maisqueadoradores.com\/page\/wp-json\/wp\/v2\/pages"}],"about":[{"href":"https:\/\/www.maisqueadoradores.com\/page\/wp-json\/wp\/v2\/types\/page"}],"author":[{"embeddable":true,"href":"https:\/\/www.maisqueadoradores.com\/page\/wp-json\/wp\/v2\/users\/2"}],"replies":[{"embeddable":true,"href":"https:\/\/www.maisqueadoradores.com\/page\/wp-json\/wp\/v2\/comments?post=55"}],"version-history":[{"count":1,"href":"https:\/\/www.maisqueadoradores.com\/page\/wp-json\/wp\/v2\/pages\/55\/revisions"}],"predecessor-version":[{"id":3032,"href":"https:\/\/www.maisqueadoradores.com\/page\/wp-json\/wp\/v2\/pages\/55\/revisions\/3032"}],"wp:attachment":[{"href":"https:\/\/www.maisqueadoradores.com\/page\/wp-json\/wp\/v2\/media?parent=55"}],"curies":[{"name":"wp","href":"https:\/\/api.w.org\/{rel}","templated":true}]}}