{"id":803,"date":"2018-03-27T13:16:30","date_gmt":"2018-03-27T16:16:30","guid":{"rendered":"\/page\/?page_id=803"},"modified":"2024-07-07T11:31:17","modified_gmt":"2024-07-07T14:31:17","slug":"worship-nights","status":"publish","type":"page","link":"https:\/\/www.maisqueadoradores.com\/page\/worship-nights\/","title":{"rendered":"Worship Nights"},"content":{"rendered":"<p>Uma grande noite de louvor, adora&ccedil;&atilde;o, exalta&ccedil;&atilde;o, ora&ccedil;&atilde;o, quebrantamento e agradecimento ao Senhor por tudo que ele &eacute; em nossas vidas. Uma noite onde incentivamos aos participantes buscarem intensivamente pela gra&ccedil;a transformadora.<\/p>\n<p><img fetchpriority=\"high\" decoding=\"async\" class=\"alignnone size-full wp-image-804\" src=\"\/page\/wp-content\/uploads\/2018\/03\/MMQA-Worship-Nights-Sessions.png\" alt=\"\" width=\"600\" height=\"600\" srcset=\"https:\/\/i0.wp.com\/www.maisqueadoradores.com\/page\/wp-content\/uploads\/2018\/03\/MMQA-Worship-Nights-Sessions.png?w=600&amp;ssl=1 600w, https:\/\/i0.wp.com\/www.maisqueadoradores.com\/page\/wp-content\/uploads\/2018\/03\/MMQA-Worship-Nights-Sessions.png?resize=150%2C150&amp;ssl=1 150w, https:\/\/i0.wp.com\/www.maisqueadoradores.com\/page\/wp-content\/uploads\/2018\/03\/MMQA-Worship-Nights-Sessions.png?resize=300%2C300&amp;ssl=1 300w, https:\/\/i0.wp.com\/www.maisqueadoradores.com\/page\/wp-content\/uploads\/2018\/03\/MMQA-Worship-Nights-Sessions.png?resize=420%2C420&amp;ssl=1 420w\" sizes=\"(max-width: 600px) 100vw, 600px\"><\/p>\n<p>Em breve mais informa&ccedil;&otilde;es, locais e datas.<\/p>\n","protected":false},"excerpt":{"rendered":"<p>Uma grande noite de louvor, adora\u00e7\u00e3o, exalta\u00e7\u00e3o, ora\u00e7\u00e3o, quebrantamento e agradecimento ao Senhor por tudo que ele \u00e9 em nossas vidas. Uma noite onde incentivamos aos participantes buscarem intensivamente pela gra\u00e7a transformadora. Em breve mais informa\u00e7\u00f5es, locais e datas.<\/p>\n","protected":false},"author":2,"featured_media":805,"parent":0,"menu_order":0,"comment_status":"closed","ping_status":"closed","template":"","meta":{"advgb_blocks_editor_width":"","advgb_blocks_columns_visual_guide":"","jetpack_post_was_ever_published":false,"footnotes":""},"class_list":["post-803","page","type-page","status-publish","has-post-thumbnail"],"coauthors":[],"author_meta":{"author_link":"https:\/\/www.maisqueadoradores.com\/page\/author\/melkih\/","display_name":"Melkih Washington de Oliveira"},"relative_dates":{"created":"Publicado 8 anos atr\u00e1s","modified":"Atualizado 2 anos atr\u00e1s"},"absolute_dates":{"created":"Publicado em 27\/03\/2018","modified":"Atualizado em 07\/07\/2024"},"absolute_dates_time":{"created":"Publicado em 27\/03\/2018 13:16","modified":"Atualizado em 07\/07\/2024 11:31"},"featured_img_caption":"","featured_img":"https:\/\/www.maisqueadoradores.com\/page\/wp-content\/uploads\/2018\/03\/MMQA-Worship-Nights-Sessions-420.png","series_order":"","jetpack_sharing_enabled":true,"jetpack_shortlink":"https:\/\/wp.me\/P9jsF4-cX","jetpack_likes_enabled":true,"_links":{"self":[{"href":"https:\/\/www.maisqueadoradores.com\/page\/wp-json\/wp\/v2\/pages\/803","targetHints":{"allow":["GET"]}}],"collection":[{"href":"https:\/\/www.maisqueadoradores.com\/page\/wp-json\/wp\/v2\/pages"}],"about":[{"href":"https:\/\/www.maisqueadoradores.com\/page\/wp-json\/wp\/v2\/types\/page"}],"author":[{"embeddable":true,"href":"https:\/\/www.maisqueadoradores.com\/page\/wp-json\/wp\/v2\/users\/2"}],"replies":[{"embeddable":true,"href":"https:\/\/www.maisqueadoradores.com\/page\/wp-json\/wp\/v2\/comments?post=803"}],"version-history":[{"count":1,"href":"https:\/\/www.maisqueadoradores.com\/page\/wp-json\/wp\/v2\/pages\/803\/revisions"}],"predecessor-version":[{"id":2963,"href":"https:\/\/www.maisqueadoradores.com\/page\/wp-json\/wp\/v2\/pages\/803\/revisions\/2963"}],"wp:featuredmedia":[{"embeddable":true,"href":"https:\/\/www.maisqueadoradores.com\/page\/wp-json\/wp\/v2\/media\/805"}],"wp:attachment":[{"href":"https:\/\/www.maisqueadoradores.com\/page\/wp-json\/wp\/v2\/media?parent=803"}],"curies":[{"name":"wp","href":"https:\/\/api.w.org\/{rel}","templated":true}]}}