{"id":953,"date":"2018-04-20T18:54:43","date_gmt":"2018-04-20T21:54:43","guid":{"rendered":"http:\/\/www.maisqueadoradores.com\/page\/?page_id=953"},"modified":"2024-07-07T11:31:15","modified_gmt":"2024-07-07T14:31:15","slug":"worship","status":"publish","type":"page","link":"https:\/\/www.maisqueadoradores.com\/page\/worship\/","title":{"rendered":"Worship"},"content":{"rendered":"\n<figure class=\"wp-block-image is-resized\"><img data-recalc-dims=\"1\" fetchpriority=\"high\" decoding=\"async\" src=\"https:\/\/i0.wp.com\/www.maisqueadoradores.com\/page\/wp-content\/uploads\/2018\/04\/edwin-andrade-158050.jpg?resize=591%2C334&#038;ssl=1\" alt=\"\" class=\"wp-image-960\" width=\"591\" height=\"334\" srcset=\"https:\/\/i0.wp.com\/www.maisqueadoradores.com\/page\/wp-content\/uploads\/2018\/04\/edwin-andrade-158050.jpg?resize=1024%2C580&amp;ssl=1 1024w, https:\/\/i0.wp.com\/www.maisqueadoradores.com\/page\/wp-content\/uploads\/2018\/04\/edwin-andrade-158050.jpg?resize=300%2C170&amp;ssl=1 300w, https:\/\/i0.wp.com\/www.maisqueadoradores.com\/page\/wp-content\/uploads\/2018\/04\/edwin-andrade-158050.jpg?resize=768%2C435&amp;ssl=1 768w, https:\/\/i0.wp.com\/www.maisqueadoradores.com\/page\/wp-content\/uploads\/2018\/04\/edwin-andrade-158050.jpg?resize=696%2C394&amp;ssl=1 696w, https:\/\/i0.wp.com\/www.maisqueadoradores.com\/page\/wp-content\/uploads\/2018\/04\/edwin-andrade-158050.jpg?resize=1068%2C605&amp;ssl=1 1068w, https:\/\/i0.wp.com\/www.maisqueadoradores.com\/page\/wp-content\/uploads\/2018\/04\/edwin-andrade-158050.jpg?resize=741%2C420&amp;ssl=1 741w, https:\/\/i0.wp.com\/www.maisqueadoradores.com\/page\/wp-content\/uploads\/2018\/04\/edwin-andrade-158050.jpg?resize=20%2C11&amp;ssl=1 20w, https:\/\/i0.wp.com\/www.maisqueadoradores.com\/page\/wp-content\/uploads\/2018\/04\/edwin-andrade-158050.jpg?w=1200&amp;ssl=1 1200w\" sizes=\"(max-width: 591px) 100vw, 591px\"><figcaption>Photo by <a href=\"https:\/\/unsplash.com\/@theunsteady5?utm_source=unsplash&amp;utm_medium=referral&amp;utm_content=creditCopyText\" target=\"_blank\" rel=\"noopener\">Edwin Andrade &ndash; Unsplash<\/a><\/figcaption><\/figure>\n\n\n\n<p>O site Mais Que Adoradores busca criar uma grande base de conhecimento sobre <a href=\"https:\/\/www.maisqueadoradores.com\/page\/encyclopedia\/worship\/\" target=\"_self\" title=\"A tradu&ccedil;&atilde;o literal &eacute; adora&ccedil;&atilde;o. Worship &eacute; um termo que se refere a atos de adora&ccedil;&atilde;o e devo&ccedil;&atilde;o a um ser supremo ou divindade. No contexto da religi&atilde;o, worship &eacute; frequentemente usado para se referir a cerim&ocirc;nias ou rituais que celebram e honram um deus ou deidade. No contexto da m&uacute;sica, worship se refere a&hellip;\" class=\"encyclopedia\">Worship<\/a> na l&iacute;ngua portuguesa, abordando suas caracter&iacute;sticas como estilo musical, significado e aplica&ccedil;&atilde;o pr&aacute;tica. Trazemos principalmente conte&uacute;dos para aqueles que querem se aprofundar no estilo musical <a href=\"https:\/\/www.maisqueadoradores.com\/page\/encyclopedia\/worship\/\" target=\"_self\" title=\"A tradu&ccedil;&atilde;o literal &eacute; adora&ccedil;&atilde;o. Worship &eacute; um termo que se refere a atos de adora&ccedil;&atilde;o e devo&ccedil;&atilde;o a um ser supremo ou divindade. No contexto da religi&atilde;o, worship &eacute; frequentemente usado para se referir a cerim&ocirc;nias ou rituais que celebram e honram um deus ou deidade. No contexto da m&uacute;sica, worship se refere a&hellip;\" class=\"encyclopedia\">Worship<\/a>.<\/p>\n\n\n\n<h3 class=\"wp-block-heading\"><a href=\"https:\/\/www.maisqueadoradores.com\/page\/2018\/03\/14\/worship-significado\/\">Worship Significado<\/a><\/h3>\n\n\n\n<p><a href=\"https:\/\/www.maisqueadoradores.com\/page\/encyclopedia\/worship\/\" target=\"_self\" title=\"A tradu&ccedil;&atilde;o literal &eacute; adora&ccedil;&atilde;o. Worship &eacute; um termo que se refere a atos de adora&ccedil;&atilde;o e devo&ccedil;&atilde;o a um ser supremo ou divindade. No contexto da religi&atilde;o, worship &eacute; frequentemente usado para se referir a cerim&ocirc;nias ou rituais que celebram e honram um deus ou deidade. No contexto da m&uacute;sica, worship se refere a&hellip;\" class=\"encyclopedia\">Worship<\/a> &eacute; traduzido como Adora&ccedil;&atilde;o na l&iacute;ngua portuguesa, empregado originalmente para o ato de adorar. Atualmente o termo tamb&eacute;m &eacute; utilizado para designar um estilo musical e um formato de culto contempor&acirc;neo. Conhe&ccedil;a mais o estilo musical <a href=\"https:\/\/www.maisqueadoradores.com\/page\/encyclopedia\/worship\/\" target=\"_self\" title=\"A tradu&ccedil;&atilde;o literal &eacute; adora&ccedil;&atilde;o. Worship &eacute; um termo que se refere a atos de adora&ccedil;&atilde;o e devo&ccedil;&atilde;o a um ser supremo ou divindade. No contexto da religi&atilde;o, worship &eacute; frequentemente usado para se referir a cerim&ocirc;nias ou rituais que celebram e honram um deus ou deidade. No contexto da m&uacute;sica, worship se refere a&hellip;\" class=\"encyclopedia\">worship<\/a> em nosso artigo clicando no link ao lado: O que &eacute; <a href=\"https:\/\/www.maisqueadoradores.com\/page\/encyclopedia\/worship\/\" target=\"_self\" title=\"A tradu&ccedil;&atilde;o literal &eacute; adora&ccedil;&atilde;o. Worship &eacute; um termo que se refere a atos de adora&ccedil;&atilde;o e devo&ccedil;&atilde;o a um ser supremo ou divindade. No contexto da religi&atilde;o, worship &eacute; frequentemente usado para se referir a cerim&ocirc;nias ou rituais que celebram e honram um deus ou deidade. No contexto da m&uacute;sica, worship se refere a&hellip;\" class=\"encyclopedia\">Worship<\/a>? Adora&ccedil;&atilde;o &eacute; um ato de &hellip;&nbsp;<a href=\"https:\/\/www.maisqueadoradores.com\/page\/2018\/03\/14\/worship-significado\/\">Continue lendo<\/a><\/p>\n\n\n\n<h3 class=\"wp-block-heading\"><a href=\"https:\/\/www.maisqueadoradores.com\/page\/2018\/01\/16\/worship-traducao\/\">Tradu&ccedil;&atilde;o Worship<\/a><\/h3>\n\n\n\n<p>Neste artigo vamos abordar de maneira simples a tradu&ccedil;&atilde;o do termo <a href=\"https:\/\/www.maisqueadoradores.com\/page\/encyclopedia\/worship\/\" target=\"_self\" title=\"A tradu&ccedil;&atilde;o literal &eacute; adora&ccedil;&atilde;o. Worship &eacute; um termo que se refere a atos de adora&ccedil;&atilde;o e devo&ccedil;&atilde;o a um ser supremo ou divindade. No contexto da religi&atilde;o, worship &eacute; frequentemente usado para se referir a cerim&ocirc;nias ou rituais que celebram e honram um deus ou deidade. No contexto da m&uacute;sica, worship se refere a&hellip;\" class=\"encyclopedia\">Worship<\/a> e alguns exemplo de uso. Se quiser saber mais sobre <a href=\"https:\/\/www.maisqueadoradores.com\/page\/encyclopedia\/worship\/\" target=\"_self\" title=\"A tradu&ccedil;&atilde;o literal &eacute; adora&ccedil;&atilde;o. Worship &eacute; um termo que se refere a atos de adora&ccedil;&atilde;o e devo&ccedil;&atilde;o a um ser supremo ou divindade. No contexto da religi&atilde;o, worship &eacute; frequentemente usado para se referir a cerim&ocirc;nias ou rituais que celebram e honram um deus ou deidade. No contexto da m&uacute;sica, worship se refere a&hellip;\" class=\"encyclopedia\">worship<\/a>, leia nosso artigo &ldquo;O que &eacute; <a href=\"https:\/\/www.maisqueadoradores.com\/page\/encyclopedia\/worship\/\" target=\"_self\" title=\"A tradu&ccedil;&atilde;o literal &eacute; adora&ccedil;&atilde;o. Worship &eacute; um termo que se refere a atos de adora&ccedil;&atilde;o e devo&ccedil;&atilde;o a um ser supremo ou divindade. No contexto da religi&atilde;o, worship &eacute; frequentemente usado para se referir a cerim&ocirc;nias ou rituais que celebram e honram um deus ou deidade. No contexto da m&uacute;sica, worship se refere a&hellip;\" class=\"encyclopedia\">Worship<\/a>?&rdquo; ou continue lendo este artigo para saber mais sobre a tradu&ccedil;&atilde;o do termo. \/page\/2017\/10\/09\/o-que-e-<a href=\"https:\/\/www.maisqueadoradores.com\/page\/encyclopedia\/worship\/\" target=\"_self\" title=\"A tradu&ccedil;&atilde;o literal &eacute; adora&ccedil;&atilde;o. Worship &eacute; um termo que se refere a atos de adora&ccedil;&atilde;o e devo&ccedil;&atilde;o a um ser supremo ou divindade. No contexto da religi&atilde;o, worship &eacute; frequentemente usado para se referir a cerim&ocirc;nias ou rituais que celebram e honram um deus ou deidade. No contexto da m&uacute;sica, worship se refere a&hellip;\" class=\"encyclopedia\">worship<\/a>-ou-estilo-musical-<a href=\"https:\/\/www.maisqueadoradores.com\/page\/encyclopedia\/worship\/\" target=\"_self\" title=\"A tradu&ccedil;&atilde;o literal &eacute; adora&ccedil;&atilde;o. Worship &eacute; um termo que se refere a atos de adora&ccedil;&atilde;o e devo&ccedil;&atilde;o a um ser supremo ou divindade. No contexto da religi&atilde;o, worship &eacute; frequentemente usado para se referir a cerim&ocirc;nias ou rituais que celebram e honram um deus ou deidade. No contexto da m&uacute;sica, worship se refere a&hellip;\" class=\"encyclopedia\">worship<\/a>\/ <a href=\"https:\/\/www.maisqueadoradores.com\/page\/encyclopedia\/worship\/\" target=\"_self\" title=\"A tradu&ccedil;&atilde;o literal &eacute; adora&ccedil;&atilde;o. Worship &eacute; um termo que se refere a atos de adora&ccedil;&atilde;o e devo&ccedil;&atilde;o a um ser supremo ou divindade. No contexto da religi&atilde;o, worship &eacute; frequentemente usado para se referir a cerim&ocirc;nias ou rituais que celebram e honram um deus ou deidade. No contexto da m&uacute;sica, worship se refere a&hellip;\" class=\"encyclopedia\">worship<\/a> em portugu&ecirc;s <a href=\"https:\/\/www.maisqueadoradores.com\/page\/encyclopedia\/worship\/\" target=\"_self\" title=\"A tradu&ccedil;&atilde;o literal &eacute; adora&ccedil;&atilde;o. Worship &eacute; um termo que se refere a atos de adora&ccedil;&atilde;o e devo&ccedil;&atilde;o a um ser supremo ou divindade. No contexto da religi&atilde;o, worship &eacute; frequentemente usado para se referir a cerim&ocirc;nias ou rituais que celebram e honram um deus ou deidade. No contexto da m&uacute;sica, worship se refere a&hellip;\" class=\"encyclopedia\">worship<\/a> {subst.} = adorar Varia&ccedil;&otilde;es culto \/ adora&ccedil;&atilde;o &hellip;&nbsp;<a href=\"https:\/\/www.maisqueadoradores.com\/page\/2018\/01\/16\/worship-traducao\/\">Continue lendo<\/a><\/p>\n\n\n\n<h3 class=\"wp-block-heading\"><a href=\"https:\/\/www.maisqueadoradores.com\/page\/2017\/10\/09\/o-que-e-worship-ou-estilo-musical-worship\/\">O que &eacute; Worship? Ou estilo musical Worship?&nbsp;<\/a><\/h3>\n\n\n\n<p>O termo <a href=\"https:\/\/www.maisqueadoradores.com\/page\/encyclopedia\/worship\/\" target=\"_self\" title=\"A tradu&ccedil;&atilde;o literal &eacute; adora&ccedil;&atilde;o. Worship &eacute; um termo que se refere a atos de adora&ccedil;&atilde;o e devo&ccedil;&atilde;o a um ser supremo ou divindade. No contexto da religi&atilde;o, worship &eacute; frequentemente usado para se referir a cerim&ocirc;nias ou rituais que celebram e honram um deus ou deidade. No contexto da m&uacute;sica, worship se refere a&hellip;\" class=\"encyclopedia\">worship<\/a> &eacute; traduzido para o portugu&ecirc;s como adorar ou&nbsp;adora&ccedil;&atilde;o. O termo passou a ser empregado nos &uacute;ltimos anos para designar um estilo musical e um estilo de culto nas igrejas evang&eacute;licas. Neste artigo vamos abordar algumas caracter&iacute;sticas do estilo musical. No artigo &ldquo;<a href=\"https:\/\/www.maisqueadoradores.com\/page\/encyclopedia\/worship\/\" target=\"_self\" title=\"A tradu&ccedil;&atilde;o literal &eacute; adora&ccedil;&atilde;o. Worship &eacute; um termo que se refere a atos de adora&ccedil;&atilde;o e devo&ccedil;&atilde;o a um ser supremo ou divindade. No contexto da religi&atilde;o, worship &eacute; frequentemente usado para se referir a cerim&ocirc;nias ou rituais que celebram e honram um deus ou deidade. No contexto da m&uacute;sica, worship se refere a&hellip;\" class=\"encyclopedia\">Worship<\/a> Significado&rdquo; trazemos mais informa&ccedil;&otilde;es sobre a tradu&ccedil;&atilde;o e sin&ocirc;nimos. &nbsp; &hellip;&nbsp;<a href=\"https:\/\/www.maisqueadoradores.com\/page\/2017\/10\/09\/o-que-e-worship-ou-estilo-musical-worship\/\">Continue lendo<\/a><\/p>\n\n\n\n<h3 class=\"wp-block-heading\"><a href=\"https:\/\/www.maisqueadoradores.com\/page\/2018\/03\/07\/guitarra-para-worship\/\">Guitarra para Worship? Qual a guitarra mais indicada para tocar Worship? Como escolher uma guitarra para Worship?<\/a><\/h3>\n\n\n\n<p>Quando decidirmos entrar de cabe&ccedil;a em um estilo musical, somos obrigados a avaliar n&atilde;o apenas as m&uacute;sicas e os arranjos, mas tamb&eacute;m os equipamentos envolvidos, que nos ajudam a dar a cara de um determinado estilo. E muitas vezes a tarefa de escolher um equipamento n&atilde;o &eacute; f&aacute;cil, em especial para aqueles que n&atilde;o podem &hellip;&nbsp;<a href=\"https:\/\/www.maisqueadoradores.com\/page\/2018\/03\/07\/guitarra-para-worship\/\">Continue lendo<\/a><\/p>\n\n\n\n<h3 class=\"wp-block-heading\"><a href=\"https:\/\/www.maisqueadoradores.com\/page\/2017\/10\/08\/o-que-e-worship-pad-worship-pads-loops-ou-ambientacao\/\">O que &eacute; Worship Pad? O que &eacute; Worship Pads Loops? O que &eacute; pads de ambienta&ccedil;&atilde;o?<\/a><\/h3>\n\n\n\n<p><a href=\"https:\/\/www.maisqueadoradores.com\/page\/encyclopedia\/worship\/\" target=\"_self\" title=\"A tradu&ccedil;&atilde;o literal &eacute; adora&ccedil;&atilde;o. Worship &eacute; um termo que se refere a atos de adora&ccedil;&atilde;o e devo&ccedil;&atilde;o a um ser supremo ou divindade. No contexto da religi&atilde;o, worship &eacute; frequentemente usado para se referir a cerim&ocirc;nias ou rituais que celebram e honram um deus ou deidade. No contexto da m&uacute;sica, worship se refere a&hellip;\" class=\"encyclopedia\">Worship<\/a> PAD &eacute; um recurso simples muito usado por minist&eacute;rios de adora&ccedil;&atilde;o, que adotam o estilo <a href=\"https:\/\/www.maisqueadoradores.com\/page\/encyclopedia\/worship\/\" target=\"_self\" title=\"A tradu&ccedil;&atilde;o literal &eacute; adora&ccedil;&atilde;o. Worship &eacute; um termo que se refere a atos de adora&ccedil;&atilde;o e devo&ccedil;&atilde;o a um ser supremo ou divindade. No contexto da religi&atilde;o, worship &eacute; frequentemente usado para se referir a cerim&ocirc;nias ou rituais que celebram e honram um deus ou deidade. No contexto da m&uacute;sica, worship se refere a&hellip;\" class=\"encyclopedia\">Worship<\/a>. Os pads ou <a href=\"https:\/\/www.maisqueadoradores.com\/page\/encyclopedia\/worship\/\" target=\"_self\" title=\"A tradu&ccedil;&atilde;o literal &eacute; adora&ccedil;&atilde;o. Worship &eacute; um termo que se refere a atos de adora&ccedil;&atilde;o e devo&ccedil;&atilde;o a um ser supremo ou divindade. No contexto da religi&atilde;o, worship &eacute; frequentemente usado para se referir a cerim&ocirc;nias ou rituais que celebram e honram um deus ou deidade. No contexto da m&uacute;sica, worship se refere a&hellip;\" class=\"encyclopedia\">worship<\/a> pads tem auxiliado diversos minist&eacute;rios criando uma sustenta&ccedil;&atilde;o ou ambi&ecirc;ncia durante as ministra&ccedil;&otilde;es, em alguns casos suprindo at&eacute; mesmo a aus&ecirc;ncia de um tecladista na banda. Neste artigo descubra um pouco mais sobre este &hellip;&nbsp;<a href=\"https:\/\/www.maisqueadoradores.com\/page\/2017\/10\/08\/o-que-e-worship-pad-worship-pads-loops-ou-ambientacao\/\">Continue lendo<\/a><\/p>\n\n\n\n<h3 class=\"wp-block-heading\"><a href=\"https:\/\/www.maisqueadoradores.com\/page\/2018\/03\/27\/como-levar-a-igreja-a-adoracao\/\">Como levar a Igreja a adora&ccedil;&atilde;o? O que &eacute; um Ambiente de adora&ccedil;&atilde;o?<\/a><\/h3>\n\n\n\n<p>Neste segundo artigo da s&eacute;rie &ldquo;O que &eacute; <a href=\"https:\/\/www.maisqueadoradores.com\/page\/encyclopedia\/worship\/\" target=\"_self\" title=\"A tradu&ccedil;&atilde;o literal &eacute; adora&ccedil;&atilde;o. Worship &eacute; um termo que se refere a atos de adora&ccedil;&atilde;o e devo&ccedil;&atilde;o a um ser supremo ou divindade. No contexto da religi&atilde;o, worship &eacute; frequentemente usado para se referir a cerim&ocirc;nias ou rituais que celebram e honram um deus ou deidade. No contexto da m&uacute;sica, worship se refere a&hellip;\" class=\"encyclopedia\">Worship<\/a>&rdquo; vamos falar um pouco sobre o que &eacute; um ambiente de adora&ccedil;&atilde;o segundo a linha <a href=\"https:\/\/www.maisqueadoradores.com\/page\/encyclopedia\/worship\/\" target=\"_self\" title=\"A tradu&ccedil;&atilde;o literal &eacute; adora&ccedil;&atilde;o. Worship &eacute; um termo que se refere a atos de adora&ccedil;&atilde;o e devo&ccedil;&atilde;o a um ser supremo ou divindade. No contexto da religi&atilde;o, worship &eacute; frequentemente usado para se referir a cerim&ocirc;nias ou rituais que celebram e honram um deus ou deidade. No contexto da m&uacute;sica, worship se refere a&hellip;\" class=\"encyclopedia\">worship<\/a>, como envolver a Igreja nesta forma de louvor. Como podemos auxiliar a Igreja na busca por um tempo de louvor e adora&ccedil;&atilde;o que possa. Me permita abrir um par&ecirc;ntese antes &hellip;&nbsp;<a href=\"https:\/\/www.maisqueadoradores.com\/page\/2018\/03\/27\/como-levar-a-igreja-a-adoracao\/\">Continue lendo<\/a><\/p>\n\n\n\n<p>Em breve publicaremos novos artigos.<\/p>\n\n\n\n<p>Voc&ecirc; pode a qualquer momento pesquisar por mais conte&uacute;dos em nosso site.<\/p>\n","protected":false},"excerpt":{"rendered":"<p>O site Mais Que Adoradores busca criar uma grande base de conhecimento sobre Worship na l\u00edngua portuguesa, abordando suas caracter\u00edsticas como estilo musical, significado e aplica\u00e7\u00e3o pr\u00e1tica. Trazemos principalmente conte\u00fados para aqueles que querem se aprofundar no estilo musical Worship. Worship Significado Worship \u00e9 traduzido como Adora\u00e7\u00e3o na l\u00edngua portuguesa, empregado originalmente para o ato [&hellip;]<\/p>\n","protected":false},"author":2,"featured_media":960,"parent":0,"menu_order":0,"comment_status":"closed","ping_status":"closed","template":"","meta":{"advgb_blocks_editor_width":"","advgb_blocks_columns_visual_guide":"","jetpack_post_was_ever_published":false,"footnotes":""},"class_list":["post-953","page","type-page","status-publish","has-post-thumbnail"],"coauthors":[],"author_meta":{"author_link":"https:\/\/www.maisqueadoradores.com\/page\/author\/melkih\/","display_name":"Melkih Washington de Oliveira"},"relative_dates":{"created":"Publicado 8 anos atr\u00e1s","modified":"Atualizado 2 anos atr\u00e1s"},"absolute_dates":{"created":"Publicado em 20\/04\/2018","modified":"Atualizado em 07\/07\/2024"},"absolute_dates_time":{"created":"Publicado em 20\/04\/2018 18:54","modified":"Atualizado em 07\/07\/2024 11:31"},"featured_img_caption":"Photo by <a href=\"https:\/\/unsplash.com\/@theunsteady5?utm_source=unsplash&utm_medium=referral&utm_content=creditCopyText\" target=\"_blank\" rel=\"noopener\">Edwin Andrade - Unsplash<\/a>","featured_img":"https:\/\/www.maisqueadoradores.com\/page\/wp-content\/uploads\/2018\/04\/edwin-andrade-158050.jpg","series_order":"","jetpack_sharing_enabled":true,"jetpack_shortlink":"https:\/\/wp.me\/P9jsF4-fn","jetpack_likes_enabled":true,"_links":{"self":[{"href":"https:\/\/www.maisqueadoradores.com\/page\/wp-json\/wp\/v2\/pages\/953","targetHints":{"allow":["GET"]}}],"collection":[{"href":"https:\/\/www.maisqueadoradores.com\/page\/wp-json\/wp\/v2\/pages"}],"about":[{"href":"https:\/\/www.maisqueadoradores.com\/page\/wp-json\/wp\/v2\/types\/page"}],"author":[{"embeddable":true,"href":"https:\/\/www.maisqueadoradores.com\/page\/wp-json\/wp\/v2\/users\/2"}],"replies":[{"embeddable":true,"href":"https:\/\/www.maisqueadoradores.com\/page\/wp-json\/wp\/v2\/comments?post=953"}],"version-history":[{"count":1,"href":"https:\/\/www.maisqueadoradores.com\/page\/wp-json\/wp\/v2\/pages\/953\/revisions"}],"predecessor-version":[{"id":2949,"href":"https:\/\/www.maisqueadoradores.com\/page\/wp-json\/wp\/v2\/pages\/953\/revisions\/2949"}],"wp:featuredmedia":[{"embeddable":true,"href":"https:\/\/www.maisqueadoradores.com\/page\/wp-json\/wp\/v2\/media\/960"}],"wp:attachment":[{"href":"https:\/\/www.maisqueadoradores.com\/page\/wp-json\/wp\/v2\/media?parent=953"}],"curies":[{"name":"wp","href":"https:\/\/api.w.org\/{rel}","templated":true}]}}